{"id":71,"date":"2018-10-31T21:31:31","date_gmt":"2018-11-01T00:31:31","guid":{"rendered":"http:\/\/www.vilavicentinaararaquara.org.br\/?page_id=71"},"modified":"2025-09-02T09:22:58","modified_gmt":"2025-09-02T12:22:58","slug":"nossos-internos","status":"publish","type":"page","link":"https:\/\/www.vilavicentinaararaquara.org.br\/?page_id=71","title":{"rendered":"Nossos internos"},"content":{"rendered":"\n<p>A capacidade m\u00e1xima da Institui\u00e7\u00e3o \u00e9 para o acolhimento de 70 residentes acima de 60 anos, entre homens e mulheres.<\/p>\n\n\n\n<p>\nPara\nobter uma vaga na Institui\u00e7\u00e3o, \u00e9 necess\u00e1rio que o idoso seja\nl\u00facido, n\u00e3o tenha nenhuma depend\u00eancia grave e estando de pleno\nacordo com o seu acolhimento.<\/p>\n\n\n\n<p>\nRessalta-se\nque os idosos dependentes ou em estado terminal, n\u00e3o s\u00e3o aceitos,\npois a Vila Vicentina n\u00e3o possui condi\u00e7\u00f5es para mant\u00ea-los.<\/p>\n\n\n\n<p>Os\ncrit\u00e9rios de avalia\u00e7\u00e3o para institucionaliza\u00e7\u00e3o s\u00e3o\ncuidadosamente estudados, no sentido de que o acolhimento dever\u00e1 ser\nadotado como \u00faltima alternativa. \u00c9 realizada uma visita social a\nfim de se apurar a situa\u00e7\u00e3o socioecon\u00f4mica do pretendente e de sua\nfam\u00edlia, visando  a possibilidade de se manter um cuidado\nresidencial a esse idoso por seus familiares.<\/p>\n\n\n\n<p>O\natendimento na Institui\u00e7\u00e3o \u00e9 ininterrupto. Os cuidados pessoais,\nde higiene, alimenta\u00e7\u00e3o, emergencial \u00e0 sa\u00fade e bem estar do idoso\nse d\u00e3o em qualquer momento, havendo para isso recursos materiais e\nhumanos para o pronto atendimento. \n<\/p>\n\n\n\n<p>As\natividades na Institui\u00e7\u00e3o s\u00e3o adaptadas de acordo com as\nnecessidades e condi\u00e7\u00f5es de cada grupo de idosos. Dentre as\natividades priorizamos a integra\u00e7\u00e3o e socializa\u00e7\u00e3o do grupo,\nmelhoria e manuten\u00e7\u00e3o das capacidades f\u00edsicas, funcionais e\ncognitivas, buscando a diminui\u00e7\u00e3o de depress\u00e3o, a melhoria do bem\nestar e da autoestima dos idosos. \n<\/p>\n\n\n\n<p>S\u00e3o\nfornecidas 06 (seis) refei\u00e7\u00f5es ao dia sendo caf\u00e9 da manh\u00e3,\nlanche, almo\u00e7o, lanche da tarde, jantar e ceia. Um nutricionista \nrealiza orienta\u00e7\u00f5es sobre planejamento, preparo e balanceamento de\nrefei\u00e7\u00f5es, t\u00e9cnicas de aproveitamento de alimentos e boas praticas\nde fabrica\u00e7\u00e3o. \n<\/p>\n\n\n\n<p>S\u00e3o\nrealizadas atrav\u00e9s de reuni\u00f5es, orienta\u00e7\u00f5es e informa\u00e7\u00f5es aos\nidosos e funcion\u00e1rios sobre assuntos que venham a melhorar a\nqualidade dos servi\u00e7os e consequentemente de vida dos residentes.<\/p>\n","protected":false},"excerpt":{"rendered":"<p>A capacidade m\u00e1xima da Institui\u00e7\u00e3o \u00e9 para o acolhimento de 70 residentes acima de 60 anos, entre homens e mulheres. Para obter uma vaga na Institui\u00e7\u00e3o, \u00e9 necess\u00e1rio que o idoso seja l\u00facido, n\u00e3o tenha nenhuma depend\u00eancia grave e estando de pleno acordo com o seu acolhimento. Ressalta-se que os idosos dependentes ou em estado &hellip; <\/p>\n<p class=\"link-more\"><a href=\"https:\/\/www.vilavicentinaararaquara.org.br\/?page_id=71\" class=\"more-link\">Continue lendo<span class=\"screen-reader-text\"> &#8220;Nossos internos&#8221;<\/span><\/a><\/p>\n","protected":false},"author":1,"featured_media":388,"parent":0,"menu_order":0,"comment_status":"closed","ping_status":"closed","template":"","meta":[],"_links":{"self":[{"href":"https:\/\/www.vilavicentinaararaquara.org.br\/index.php?rest_route=\/wp\/v2\/pages\/71"}],"collection":[{"href":"https:\/\/www.vilavicentinaararaquara.org.br\/index.php?rest_route=\/wp\/v2\/pages"}],"about":[{"href":"https:\/\/www.vilavicentinaararaquara.org.br\/index.php?rest_route=\/wp\/v2\/types\/page"}],"author":[{"embeddable":true,"href":"https:\/\/www.vilavicentinaararaquara.org.br\/index.php?rest_route=\/wp\/v2\/users\/1"}],"replies":[{"embeddable":true,"href":"https:\/\/www.vilavicentinaararaquara.org.br\/index.php?rest_route=%2Fwp%2Fv2%2Fcomments&post=71"}],"version-history":[{"count":4,"href":"https:\/\/www.vilavicentinaararaquara.org.br\/index.php?rest_route=\/wp\/v2\/pages\/71\/revisions"}],"predecessor-version":[{"id":389,"href":"https:\/\/www.vilavicentinaararaquara.org.br\/index.php?rest_route=\/wp\/v2\/pages\/71\/revisions\/389"}],"wp:featuredmedia":[{"embeddable":true,"href":"https:\/\/www.vilavicentinaararaquara.org.br\/index.php?rest_route=\/wp\/v2\/media\/388"}],"wp:attachment":[{"href":"https:\/\/www.vilavicentinaararaquara.org.br\/index.php?rest_route=%2Fwp%2Fv2%2Fmedia&parent=71"}],"curies":[{"name":"wp","href":"https:\/\/api.w.org\/{rel}","templated":true}]}}