{"id":58,"date":"2018-10-31T21:19:47","date_gmt":"2018-11-01T00:19:47","guid":{"rendered":"http:\/\/www.vilavicentinaararaquara.org.br\/?page_id=58"},"modified":"2026-03-26T13:29:22","modified_gmt":"2026-03-26T16:29:22","slug":"pagina-inicial","status":"publish","type":"page","link":"https:\/\/www.vilavicentinaararaquara.org.br\/?page_id=58","title":{"rendered":"Sobre n\u00f3s"},"content":{"rendered":"<p class=\"western\" align=\"JUSTIFY\">Fundada em 01\/08\/1943, a Vila Vicentina, \u00e9 uma sociedade civil de car\u00e1ter filantr\u00f3pico com sede em pr\u00e9dio pr\u00f3prio. Tem por finalidade prestar servi\u00e7os de relev\u00e2ncia social e de interesse p\u00fablico de acolhimento institucional de longa perman\u00eancia aos idosos em situa\u00e7\u00e3o de vulnerabilidade e\/ou risco social e pessoal, na \u00e1rea da Assist\u00eancia Social, quando esgotadas todas as possibilidades de auto-sustento e conv\u00edvio com os familiares, proporcionando-lhes prote\u00e7\u00e3o social especial de alta complexidade, prestando servi\u00e7os de atendimento de forma gratuita, universal, continuada, permanente e planejada.<\/p>\n<p class=\"western\">Em conson\u00e2ncia com o Estatuto do Idoso, buscamos oferecer ao idoso, condi\u00e7\u00f5es para que continuem seu processo de desenvolvimento integral, principalmente nos aspectos f\u00edsico, psicol\u00f3gico, intelectual e social. Visamos integr\u00e1-los ao conv\u00edvio por meio de atividades educacionais, culturais, de lazer e sa\u00fade, de modo que se sintam plenos e saud\u00e1veis respeitando suas necessidades e condi\u00e7\u00f5es de idades.<\/p>\n<p><strong>Escute nossa entrevista para entender melhor sobre nossa situa\u00e7\u00e3o e como ajudar:<\/strong><\/p>\n<!--[if lt IE 9]><script>document.createElement('audio');<\/script><![endif]-->\n<audio class=\"wp-audio-shortcode\" id=\"audio-58-1\" preload=\"none\" style=\"width: 100%;\" controls=\"controls\"><source type=\"audio\/mpeg\" src=\"https:\/\/www.vilavicentinaararaquara.org.br\/wp-content\/uploads\/2024\/05\/entrevista.mp3?_=1\" \/><a href=\"https:\/\/www.vilavicentinaararaquara.org.br\/wp-content\/uploads\/2024\/05\/entrevista.mp3\">https:\/\/www.vilavicentinaararaquara.org.br\/wp-content\/uploads\/2024\/05\/entrevista.mp3<\/a><\/audio>\n\n\n<div class=\"wp-block-file\"><a id=\"wp-block-file--media-ffb80362-2338-4dc9-830b-442f4ba5f17d\" href=\"https:\/\/www.vilavicentinaararaquara.org.br\/wp-content\/uploads\/2026\/03\/img-7152_NVlNNGGE-2-1.mp4\">VIDEO INSTITUCIONAL<\/a><a href=\"https:\/\/www.vilavicentinaararaquara.org.br\/wp-content\/uploads\/2026\/03\/img-7152_NVlNNGGE-2-1.mp4\" class=\"wp-block-file__button wp-element-button\" download aria-describedby=\"wp-block-file--media-ffb80362-2338-4dc9-830b-442f4ba5f17d\">Baixar<\/a><\/div>\n","protected":false},"excerpt":{"rendered":"<p>Fundada em 01\/08\/1943, a Vila Vicentina, \u00e9 uma sociedade civil de car\u00e1ter filantr\u00f3pico com sede em pr\u00e9dio pr\u00f3prio. Tem por finalidade prestar servi\u00e7os de relev\u00e2ncia social e de interesse p\u00fablico de acolhimento institucional de longa perman\u00eancia aos idosos em situa\u00e7\u00e3o de vulnerabilidade e\/ou risco social e pessoal, na \u00e1rea da Assist\u00eancia Social, quando esgotadas todas &hellip; <\/p>\n<p class=\"link-more\"><a href=\"https:\/\/www.vilavicentinaararaquara.org.br\/?page_id=58\" class=\"more-link\">Continue lendo<span class=\"screen-reader-text\"> &#8220;Sobre n\u00f3s&#8221;<\/span><\/a><\/p>\n","protected":false},"author":1,"featured_media":0,"parent":0,"menu_order":0,"comment_status":"closed","ping_status":"closed","template":"","meta":[],"_links":{"self":[{"href":"https:\/\/www.vilavicentinaararaquara.org.br\/index.php?rest_route=\/wp\/v2\/pages\/58"}],"collection":[{"href":"https:\/\/www.vilavicentinaararaquara.org.br\/index.php?rest_route=\/wp\/v2\/pages"}],"about":[{"href":"https:\/\/www.vilavicentinaararaquara.org.br\/index.php?rest_route=\/wp\/v2\/types\/page"}],"author":[{"embeddable":true,"href":"https:\/\/www.vilavicentinaararaquara.org.br\/index.php?rest_route=\/wp\/v2\/users\/1"}],"replies":[{"embeddable":true,"href":"https:\/\/www.vilavicentinaararaquara.org.br\/index.php?rest_route=%2Fwp%2Fv2%2Fcomments&post=58"}],"version-history":[{"count":12,"href":"https:\/\/www.vilavicentinaararaquara.org.br\/index.php?rest_route=\/wp\/v2\/pages\/58\/revisions"}],"predecessor-version":[{"id":519,"href":"https:\/\/www.vilavicentinaararaquara.org.br\/index.php?rest_route=\/wp\/v2\/pages\/58\/revisions\/519"}],"wp:attachment":[{"href":"https:\/\/www.vilavicentinaararaquara.org.br\/index.php?rest_route=%2Fwp%2Fv2%2Fmedia&parent=58"}],"curies":[{"name":"wp","href":"https:\/\/api.w.org\/{rel}","templated":true}]}}