{"id":419,"date":"2025-10-15T08:54:35","date_gmt":"2025-10-15T11:54:35","guid":{"rendered":"https:\/\/www.vilavicentinaararaquara.org.br\/?page_id=419"},"modified":"2026-03-25T16:58:58","modified_gmt":"2026-03-25T19:58:58","slug":"galeria-de-fotos","status":"publish","type":"page","link":"https:\/\/www.vilavicentinaararaquara.org.br\/?page_id=419","title":{"rendered":"Portal da Transpar\u00eancia"},"content":{"rendered":"\n<p>A entidade recebeu, no exerc\u00edcio de 2025, recursos oriundos de emenda parlamentar, destinados ao fortalecimento e manuten\u00e7\u00e3o das atividades institucionais.<\/p>\n\n\n\n<p>Os valores foram aplicados conforme o plano de trabalho aprovado, visando a melhoria dos servi\u00e7os prestados.<\/p>\n\n\n\n<div class=\"wp-block-file\"><object class=\"wp-block-file__embed\" data=\"https:\/\/www.vilavicentinaararaquara.org.br\/wp-content\/uploads\/2026\/03\/02-RP10_Final-Parcela-FM1-.pdf\" type=\"application\/pdf\" style=\"width:100%;height:600px\" aria-label=\"Embed of 02-RP10_Final-Parcela-FM1-.\"><\/object><a id=\"wp-block-file--media-5f13d678-e4ff-499f-9eb1-24dabfeacb4e\" href=\"https:\/\/www.vilavicentinaararaquara.org.br\/wp-content\/uploads\/2026\/03\/02-RP10_Final-Parcela-FM1-.pdf\">02-RP10_Final-Parcela-FM1-<\/a><a href=\"https:\/\/www.vilavicentinaararaquara.org.br\/wp-content\/uploads\/2026\/03\/02-RP10_Final-Parcela-FM1-.pdf\" class=\"wp-block-file__button wp-element-button\" download aria-describedby=\"wp-block-file--media-5f13d678-e4ff-499f-9eb1-24dabfeacb4e\">Baixar<\/a><\/div>\n","protected":false},"excerpt":{"rendered":"<p>A entidade recebeu, no exerc\u00edcio de 2025, recursos oriundos de emenda parlamentar, destinados ao fortalecimento e manuten\u00e7\u00e3o das atividades institucionais. Os valores foram aplicados conforme o plano de trabalho aprovado, visando a melhoria dos servi\u00e7os prestados.<\/p>\n","protected":false},"author":6,"featured_media":0,"parent":0,"menu_order":0,"comment_status":"closed","ping_status":"closed","template":"","meta":[],"_links":{"self":[{"href":"https:\/\/www.vilavicentinaararaquara.org.br\/index.php?rest_route=\/wp\/v2\/pages\/419"}],"collection":[{"href":"https:\/\/www.vilavicentinaararaquara.org.br\/index.php?rest_route=\/wp\/v2\/pages"}],"about":[{"href":"https:\/\/www.vilavicentinaararaquara.org.br\/index.php?rest_route=\/wp\/v2\/types\/page"}],"author":[{"embeddable":true,"href":"https:\/\/www.vilavicentinaararaquara.org.br\/index.php?rest_route=\/wp\/v2\/users\/6"}],"replies":[{"embeddable":true,"href":"https:\/\/www.vilavicentinaararaquara.org.br\/index.php?rest_route=%2Fwp%2Fv2%2Fcomments&post=419"}],"version-history":[{"count":10,"href":"https:\/\/www.vilavicentinaararaquara.org.br\/index.php?rest_route=\/wp\/v2\/pages\/419\/revisions"}],"predecessor-version":[{"id":517,"href":"https:\/\/www.vilavicentinaararaquara.org.br\/index.php?rest_route=\/wp\/v2\/pages\/419\/revisions\/517"}],"wp:attachment":[{"href":"https:\/\/www.vilavicentinaararaquara.org.br\/index.php?rest_route=%2Fwp%2Fv2%2Fmedia&parent=419"}],"curies":[{"name":"wp","href":"https:\/\/api.w.org\/{rel}","templated":true}]}}