{"id":107,"date":"2019-04-17T20:36:58","date_gmt":"2019-04-17T23:36:58","guid":{"rendered":"http:\/\/www.vilavicentinaararaquara.org.br\/?page_id=107"},"modified":"2025-10-20T09:50:38","modified_gmt":"2025-10-20T12:50:38","slug":"contribua","status":"publish","type":"page","link":"https:\/\/www.vilavicentinaararaquara.org.br\/?page_id=107","title":{"rendered":"Contribua"},"content":{"rendered":"\n<h2 class=\"wp-block-heading\">Doe seu tempo<\/h2>\n\n\n\n<p>Seja um volunt\u00e1rio, doe um pouco de seu tempo. Existem v\u00e1rias formas e maneiras de ser nosso volunt\u00e1rio, entre em contato com a nossa equipe t\u00e9cnica<\/p>\n\n\n\n<p class=\"has-text-align-left\"><u>servicosocial@vilavicentinaararaquara.org.br<\/u><br>(16) 3322-0788 \/ (16) 16 99612-1143<\/p>\n\n\n\n<p><em>Dispon\u00edvel das 09h00 \u00e0s 15h00 de segunda a sexta.<\/em><\/p>\n\n\n\n<p><\/p>\n\n\n\n<h2 class=\"wp-block-heading\">Doa\u00e7\u00e3o para o nosso bazar<\/h2>\n\n\n\n<p>Recebemos\nqualquer tipo de doa\u00e7\u00e3o, geladeira, fog\u00e3o, m\u00e1quina de lavar,\ncama, colch\u00f5es, entre outros, desde que esteja em bom estado.<\/p>\n\n\n\n<p>Aceitamos doa\u00e7\u00e3o de roupas, sapatos, livros, utilidades de cozinha, panelas, eletrodom\u00e9stico, entre outros. Caso preferir, nossa portaria receber\u00e1 a sua doa\u00e7\u00e3o a qualquer hor\u00e1rio e dia, at\u00e9 mesmo aos fins de semana.<\/p>\n\n\n\n<p> <br><u>manutencao@vilavicentinaararaquara.org.br <\/u><br> (16) 3322-0788 \/ (16) 16 99645-7601<\/p>\n\n\n\n<p><em>Dispon\u00edvel das 8h00 \u00e0s 18h00 de segunda a sexta.<\/em><\/p>\n\n\n\n<p><\/p>\n\n\n\n<h2 class=\"wp-block-heading\">Nos\nAjude Financeiramente<\/h2>\n\n\n\n<p><strong>001 Banco do\nBrasil<\/strong><br>Ag\u00eancia: 3405-3<br>Conta Corrente: 112196-0<\/p>\n\n\n\n<p>Vila Vicentina Obra Unida \u00e0 Sociedade de S\u00e3o Vicente de Paulo<br>CNPJ: 45.747.003\/0001-21<\/p>\n\n\n\n<p><strong>NOSSO PIX : 16 99626-5843<\/strong><\/p>\n\n\n\n<h2 class=\"wp-block-heading\">Doa\u00e7\u00e3o\nNota Fiscal Paulista<\/h2>\n\n\n\n<p><\/p>\n\n\n\n<h3 class=\"wp-block-heading\">\nO\nque \u00e9?<\/h3>\n\n\n\n<p>\nA&nbsp;<strong>Nota\nFiscal Paulista<\/strong>&nbsp;\u00e9\num programa criado em 2007 pelo governo do Estado de S\u00e3o Paulo para\ncombater a sonega\u00e7\u00e3o e aumentar a arrecada\u00e7\u00e3o do Estado. A cada\ncompra registrada, o consumidor recebe de volta parte do imposto\nembutido nas mercadorias.<\/p>\n\n\n\n<h3 class=\"wp-block-heading\">\nComo\ncontribuir?<\/h3>\n\n\n\n<p>\n\u00c9\nmuito simples: Sempre que fizer uma compra ou contratar um servi\u00e7o,\nn\u00e3o se esque\u00e7a de solicitar a emiss\u00e3o do seu cupom fiscal. Depois\nbasta usar o&nbsp;<em>Aplicativo\nNota Fiscal Paulista,<\/em><em>&nbsp;<\/em>que\nesta dispon\u00edvel para ANDROID e IOS e fazer a doa\u00e7\u00e3o que\nautomaticamente os cr\u00e9ditos ser\u00e3o transferidos para conta da Vila\nVicentina. .<\/p>\n\n\n\n<p>\nVoc\u00ea\nainda pode\u2026<\/p>\n\n\n\n<p>Voc\u00ea tamb\u00e9m pode fazer a op\u00e7\u00e3o pela DOA\u00c7\u00c3O AUTOM\u00c1TICA e escolha a Vila Vicentina de Araraquara como sua Institui\u00e7\u00e3o favorita, desta forma toda vez que adicionar seu CPF no cupom fiscal a doa\u00e7\u00e3o chegar\u00e1 direto a nossa entidade.<\/p>\n\n\n\n<p> <em>Lembre-se que voc\u00ea n\u00e3o perde os sorteios ao fazer sua doa\u00e7\u00e3o.<\/em><\/p>\n\n\n\n<div class=\"wp-block-file\"><a id=\"wp-block-file--media-c196c167-ddb6-40f1-844e-c8533559802f\" href=\"https:\/\/www.vilavicentinaararaquara.org.br\/wp-content\/uploads\/2022\/08\/Manual-para-doar-a-Nota-Fiscal-Paulista-para-a-Vila-Vicentina.pdf\">Manual para doar a Nota Fiscal Paulista para a Vila Vicentina<\/a><a href=\"https:\/\/www.vilavicentinaararaquara.org.br\/wp-content\/uploads\/2022\/08\/Manual-para-doar-a-Nota-Fiscal-Paulista-para-a-Vila-Vicentina.pdf\" class=\"wp-block-file__button wp-element-button\" download aria-describedby=\"wp-block-file--media-c196c167-ddb6-40f1-844e-c8533559802f\">Baixar<br><br><\/a><\/div>\n","protected":false},"excerpt":{"rendered":"<p>Doe seu tempo Seja um volunt\u00e1rio, doe um pouco de seu tempo. Existem v\u00e1rias formas e maneiras de ser nosso volunt\u00e1rio, entre em contato com a nossa equipe t\u00e9cnica servicosocial@vilavicentinaararaquara.org.br(16) 3322-0788 \/ (16) 16 99612-1143 Dispon\u00edvel das 09h00 \u00e0s 15h00 de segunda a sexta. Doa\u00e7\u00e3o para o nosso bazar Recebemos qualquer tipo de doa\u00e7\u00e3o, geladeira, &hellip; <\/p>\n<p class=\"link-more\"><a href=\"https:\/\/www.vilavicentinaararaquara.org.br\/?page_id=107\" class=\"more-link\">Continue lendo<span class=\"screen-reader-text\"> &#8220;Contribua&#8221;<\/span><\/a><\/p>\n","protected":false},"author":1,"featured_media":382,"parent":0,"menu_order":0,"comment_status":"closed","ping_status":"closed","template":"","meta":[],"_links":{"self":[{"href":"https:\/\/www.vilavicentinaararaquara.org.br\/index.php?rest_route=\/wp\/v2\/pages\/107"}],"collection":[{"href":"https:\/\/www.vilavicentinaararaquara.org.br\/index.php?rest_route=\/wp\/v2\/pages"}],"about":[{"href":"https:\/\/www.vilavicentinaararaquara.org.br\/index.php?rest_route=\/wp\/v2\/types\/page"}],"author":[{"embeddable":true,"href":"https:\/\/www.vilavicentinaararaquara.org.br\/index.php?rest_route=\/wp\/v2\/users\/1"}],"replies":[{"embeddable":true,"href":"https:\/\/www.vilavicentinaararaquara.org.br\/index.php?rest_route=%2Fwp%2Fv2%2Fcomments&post=107"}],"version-history":[{"count":7,"href":"https:\/\/www.vilavicentinaararaquara.org.br\/index.php?rest_route=\/wp\/v2\/pages\/107\/revisions"}],"predecessor-version":[{"id":464,"href":"https:\/\/www.vilavicentinaararaquara.org.br\/index.php?rest_route=\/wp\/v2\/pages\/107\/revisions\/464"}],"wp:featuredmedia":[{"embeddable":true,"href":"https:\/\/www.vilavicentinaararaquara.org.br\/index.php?rest_route=\/wp\/v2\/media\/382"}],"wp:attachment":[{"href":"https:\/\/www.vilavicentinaararaquara.org.br\/index.php?rest_route=%2Fwp%2Fv2%2Fmedia&parent=107"}],"curies":[{"name":"wp","href":"https:\/\/api.w.org\/{rel}","templated":true}]}}